{"id":1454,"date":"2017-11-29T20:38:18","date_gmt":"2017-11-29T20:38:18","guid":{"rendered":"https:\/\/www.levadeira.com\/?page_id=1454"},"modified":"2017-11-29T20:38:18","modified_gmt":"2017-11-29T20:38:18","slug":"nossa-equipe","status":"publish","type":"page","link":"https:\/\/www.leenos.pt\/pt-pt\/nossa-equipe\/","title":{"rendered":"Nossa equipe"},"content":{"rendered":"<div id=\"pl-1454\"  class=\"panel-layout\" ><div id=\"pg-1454-0\"  class=\"panel-grid panel-has-style\" ><div style=\"padding: 2px 0; \" data-overlay=\"true\" data-overlay-color=\"#000000\" class=\"panel-row-style panel-row-style-for-1454-0\" ><div id=\"pgc-1454-0-0\"  class=\"panel-grid-cell\" ><div id=\"panel-1454-0-0-0\" class=\"so-panel widget widget_sydney_employees sydney_employees_widget panel-first-child panel-last-child\" data-index=\"0\" ><div style=\"text-align: left;\" data-title-color=\"#443f3f\" data-headings-color=\"#443f3f\" class=\"panel-widget-style panel-widget-style-for-1454-0-0-0\" >\r\n\t\t\r\n\t\t<div class=\"roll-team carousel owl-carousel\" data-widgetid=\"employees-widget-0-0-0\">\r\n\t\t\t\t\t\t\t\t\t\t<div class=\"team-item\">\r\n\t\t\t    <div class=\"team-inner\">\r\n\t\t\t        <div class=\"pop-overlay\">\r\n\t\t\t            <div class=\"team-pop\">\r\n\t\t\t                <div class=\"team-info\">\r\n\t\t\t\t\t\t\t\t<div class=\"name\">Lino<\/div>\r\n\t\t\t\t\t\t\t\t<div class=\"pos\">Propriet\u00e1rio<\/div>\r\n\t\t\t\t\t\t\t\t<ul class=\"team-social\">\r\n\t\t\t\t\t\t\t\t\t\t\t\t\t\t\t\t\t\t\t\t\t\t\t\t\t\t\t\t\t\t\t\t\t\t\t<\/ul>\r\n\t\t\t                <\/div>\r\n\t\t\t            <\/div>\r\n\t\t\t        <\/div>\r\n\t\t\t\t\t\t\t\t\t\t<div class=\"avatar\">\r\n\t\t\t\t\t\t<img width=\"400\" height=\"400\" src=\"https:\/\/www.leenos.pt\/wp-content\/uploads\/2015\/03\/Lino-400x400.jpg\" class=\"attachment-sydney-medium-thumb size-sydney-medium-thumb wp-post-image\" alt=\"Lino\" loading=\"lazy\" srcset=\"https:\/\/www.leenos.pt\/wp-content\/uploads\/2015\/03\/Lino.jpg 400w, https:\/\/www.leenos.pt\/wp-content\/uploads\/2015\/03\/Lino-150x150.jpg 150w, https:\/\/www.leenos.pt\/wp-content\/uploads\/2015\/03\/Lino-300x300.jpg 300w, https:\/\/www.leenos.pt\/wp-content\/uploads\/2015\/03\/Lino-180x180.jpg 180w, https:\/\/www.leenos.pt\/wp-content\/uploads\/2015\/03\/Lino-230x230.jpg 230w, https:\/\/www.leenos.pt\/wp-content\/uploads\/2015\/03\/Lino-350x350.jpg 350w\" sizes=\"(max-width: 400px) 100vw, 400px\" \/>\t\t\t\t\t<\/div>\r\n\t\t\t\t\t\t\t\t    <\/div>\r\n\t\t\t    <div class=\"team-content\">\r\n\t\t\t        <div class=\"name\">\r\n\t\t\t        \t\t\t\t        \t\tLino\t\t\t        \t\t\t\t        <\/div>\r\n\t\t\t        <div class=\"pos\">Propriet\u00e1rio<\/div>\r\n\t\t\t    <\/div>\r\n\t\t\t<\/div><!-- \/.team-item -->\r\n\r\n\t\t\t\t\t\t\t\t\t\t<div class=\"team-item\">\r\n\t\t\t    <div class=\"team-inner\">\r\n\t\t\t        <div class=\"pop-overlay\">\r\n\t\t\t            <div class=\"team-pop\">\r\n\t\t\t                <div class=\"team-info\">\r\n\t\t\t\t\t\t\t\t<div class=\"name\">Lee<\/div>\r\n\t\t\t\t\t\t\t\t<div class=\"pos\">Propriet\u00e1rio<\/div>\r\n\t\t\t\t\t\t\t\t<ul class=\"team-social\">\r\n\t\t\t\t\t\t\t\t\t\t\t\t\t\t\t\t\t\t\t\t\t\t\t\t\t\t\t\t\t\t\t\t\t\t\t<\/ul>\r\n\t\t\t                <\/div>\r\n\t\t\t            <\/div>\r\n\t\t\t        <\/div>\r\n\t\t\t\t\t\t\t\t\t\t<div class=\"avatar\">\r\n\t\t\t\t\t\t<img width=\"400\" height=\"400\" src=\"https:\/\/www.leenos.pt\/wp-content\/uploads\/2015\/03\/Lee-400x400.jpg\" class=\"attachment-sydney-medium-thumb size-sydney-medium-thumb wp-post-image\" alt=\"Lee\" loading=\"lazy\" srcset=\"https:\/\/www.leenos.pt\/wp-content\/uploads\/2015\/03\/Lee.jpg 400w, https:\/\/www.leenos.pt\/wp-content\/uploads\/2015\/03\/Lee-150x150.jpg 150w, https:\/\/www.leenos.pt\/wp-content\/uploads\/2015\/03\/Lee-300x300.jpg 300w, https:\/\/www.leenos.pt\/wp-content\/uploads\/2015\/03\/Lee-180x180.jpg 180w, https:\/\/www.leenos.pt\/wp-content\/uploads\/2015\/03\/Lee-230x230.jpg 230w, https:\/\/www.leenos.pt\/wp-content\/uploads\/2015\/03\/Lee-350x350.jpg 350w\" sizes=\"(max-width: 400px) 100vw, 400px\" \/>\t\t\t\t\t<\/div>\r\n\t\t\t\t\t\t\t\t    <\/div>\r\n\t\t\t    <div class=\"team-content\">\r\n\t\t\t        <div class=\"name\">\r\n\t\t\t        \t\t\t\t        \t\tLee\t\t\t        \t\t\t\t        <\/div>\r\n\t\t\t        <div class=\"pos\">Propriet\u00e1rio<\/div>\r\n\t\t\t    <\/div>\r\n\t\t\t<\/div><!-- \/.team-item -->\r\n\r\n\t\t\t\t\t\t\t\t\t\t<div class=\"team-item\">\r\n\t\t\t    <div class=\"team-inner\">\r\n\t\t\t        <div class=\"pop-overlay\">\r\n\t\t\t            <div class=\"team-pop\">\r\n\t\t\t                <div class=\"team-info\">\r\n\t\t\t\t\t\t\t\t<div class=\"name\">Lu\u00eds<\/div>\r\n\t\t\t\t\t\t\t\t<div class=\"pos\">Propriet\u00e1rio \/ Chef<\/div>\r\n\t\t\t\t\t\t\t\t<ul class=\"team-social\">\r\n\t\t\t\t\t\t\t\t\t\t\t\t\t\t\t\t\t\t\t\t\t\t\t\t\t\t\t\t\t\t\t\t\t\t\t<\/ul>\r\n\t\t\t                <\/div>\r\n\t\t\t            <\/div>\r\n\t\t\t        <\/div>\r\n\t\t\t\t\t\t\t\t\t\t<div class=\"avatar\">\r\n\t\t\t\t\t\t<img width=\"400\" height=\"400\" src=\"https:\/\/www.leenos.pt\/wp-content\/uploads\/2015\/03\/Luis-400x400.jpg\" class=\"attachment-sydney-medium-thumb size-sydney-medium-thumb wp-post-image\" alt=\"Luis\" loading=\"lazy\" srcset=\"https:\/\/www.leenos.pt\/wp-content\/uploads\/2015\/03\/Luis.jpg 400w, https:\/\/www.leenos.pt\/wp-content\/uploads\/2015\/03\/Luis-150x150.jpg 150w, https:\/\/www.leenos.pt\/wp-content\/uploads\/2015\/03\/Luis-300x300.jpg 300w, https:\/\/www.leenos.pt\/wp-content\/uploads\/2015\/03\/Luis-180x180.jpg 180w, https:\/\/www.leenos.pt\/wp-content\/uploads\/2015\/03\/Luis-230x230.jpg 230w, https:\/\/www.leenos.pt\/wp-content\/uploads\/2015\/03\/Luis-350x350.jpg 350w\" sizes=\"(max-width: 400px) 100vw, 400px\" \/>\t\t\t\t\t<\/div>\r\n\t\t\t\t\t\t\t\t    <\/div>\r\n\t\t\t    <div class=\"team-content\">\r\n\t\t\t        <div class=\"name\">\r\n\t\t\t        \t\t\t\t        \t\tLu\u00eds\t\t\t        \t\t\t\t        <\/div>\r\n\t\t\t        <div class=\"pos\">Propriet\u00e1rio \/ Chef<\/div>\r\n\t\t\t    <\/div>\r\n\t\t\t<\/div><!-- \/.team-item -->\r\n\r\n\t\t\t\t\t\t\t\t\t\t<div class=\"team-item\">\r\n\t\t\t    <div class=\"team-inner\">\r\n\t\t\t        <div class=\"pop-overlay\">\r\n\t\t\t            <div class=\"team-pop\">\r\n\t\t\t                <div class=\"team-info\">\r\n\t\t\t\t\t\t\t\t<div class=\"name\">Jose<\/div>\r\n\t\t\t\t\t\t\t\t<div class=\"pos\"><\/div>\r\n\t\t\t\t\t\t\t\t<ul class=\"team-social\">\r\n\t\t\t\t\t\t\t\t\t\t\t\t\t\t\t\t\t\t\t\t\t\t\t\t\t\t\t\t\t\t\t\t\t\t\t<\/ul>\r\n\t\t\t                <\/div>\r\n\t\t\t            <\/div>\r\n\t\t\t        <\/div>\r\n\t\t\t\t\t\t\t\t\t\t<div class=\"avatar\">\r\n\t\t\t\t\t\t<img width=\"400\" height=\"400\" src=\"https:\/\/www.leenos.pt\/wp-content\/uploads\/2015\/03\/Jose-400x400.jpg\" class=\"attachment-sydney-medium-thumb size-sydney-medium-thumb wp-post-image\" alt=\"Jose\" loading=\"lazy\" srcset=\"https:\/\/www.leenos.pt\/wp-content\/uploads\/2015\/03\/Jose.jpg 400w, https:\/\/www.leenos.pt\/wp-content\/uploads\/2015\/03\/Jose-150x150.jpg 150w, https:\/\/www.leenos.pt\/wp-content\/uploads\/2015\/03\/Jose-300x300.jpg 300w, https:\/\/www.leenos.pt\/wp-content\/uploads\/2015\/03\/Jose-180x180.jpg 180w, https:\/\/www.leenos.pt\/wp-content\/uploads\/2015\/03\/Jose-230x230.jpg 230w, https:\/\/www.leenos.pt\/wp-content\/uploads\/2015\/03\/Jose-350x350.jpg 350w\" sizes=\"(max-width: 400px) 100vw, 400px\" \/>\t\t\t\t\t<\/div>\r\n\t\t\t\t\t\t\t\t    <\/div>\r\n\t\t\t    <div class=\"team-content\">\r\n\t\t\t        <div class=\"name\">\r\n\t\t\t        \t\t\t\t        \t\tJose\t\t\t        \t\t\t\t        <\/div>\r\n\t\t\t        <div class=\"pos\"><\/div>\r\n\t\t\t    <\/div>\r\n\t\t\t<\/div><!-- \/.team-item -->\r\n\r\n\t\t\t\t\t\t\t\t\t\t<div class=\"team-item\">\r\n\t\t\t    <div class=\"team-inner\">\r\n\t\t\t        <div class=\"pop-overlay\">\r\n\t\t\t            <div class=\"team-pop\">\r\n\t\t\t                <div class=\"team-info\">\r\n\t\t\t\t\t\t\t\t<div class=\"name\">Decio<\/div>\r\n\t\t\t\t\t\t\t\t<div class=\"pos\"><\/div>\r\n\t\t\t\t\t\t\t\t<ul class=\"team-social\">\r\n\t\t\t\t\t\t\t\t\t\t\t\t\t\t\t\t\t\t\t\t\t\t\t\t\t\t\t\t\t\t\t\t\t\t\t<\/ul>\r\n\t\t\t                <\/div>\r\n\t\t\t            <\/div>\r\n\t\t\t        <\/div>\r\n\t\t\t\t\t\t\t\t\t\t<div class=\"avatar\">\r\n\t\t\t\t\t\t<img width=\"400\" height=\"400\" src=\"https:\/\/www.leenos.pt\/wp-content\/uploads\/2015\/03\/Decio-400x400.jpg\" class=\"attachment-sydney-medium-thumb size-sydney-medium-thumb wp-post-image\" alt=\"Decio\" loading=\"lazy\" srcset=\"https:\/\/www.leenos.pt\/wp-content\/uploads\/2015\/03\/Decio.jpg 400w, https:\/\/www.leenos.pt\/wp-content\/uploads\/2015\/03\/Decio-150x150.jpg 150w, https:\/\/www.leenos.pt\/wp-content\/uploads\/2015\/03\/Decio-300x300.jpg 300w, https:\/\/www.leenos.pt\/wp-content\/uploads\/2015\/03\/Decio-180x180.jpg 180w, https:\/\/www.leenos.pt\/wp-content\/uploads\/2015\/03\/Decio-230x230.jpg 230w, https:\/\/www.leenos.pt\/wp-content\/uploads\/2015\/03\/Decio-350x350.jpg 350w\" sizes=\"(max-width: 400px) 100vw, 400px\" \/>\t\t\t\t\t<\/div>\r\n\t\t\t\t\t\t\t\t    <\/div>\r\n\t\t\t    <div class=\"team-content\">\r\n\t\t\t        <div class=\"name\">\r\n\t\t\t        \t\t\t\t        \t\tDecio\t\t\t        \t\t\t\t        <\/div>\r\n\t\t\t        <div class=\"pos\"><\/div>\r\n\t\t\t    <\/div>\r\n\t\t\t<\/div><!-- \/.team-item -->\r\n\r\n\t\t\t\t\t\t\t\t\t\t<div class=\"team-item\">\r\n\t\t\t    <div class=\"team-inner\">\r\n\t\t\t        <div class=\"pop-overlay\">\r\n\t\t\t            <div class=\"team-pop\">\r\n\t\t\t                <div class=\"team-info\">\r\n\t\t\t\t\t\t\t\t<div class=\"name\">Ricardo<\/div>\r\n\t\t\t\t\t\t\t\t<div class=\"pos\"><\/div>\r\n\t\t\t\t\t\t\t\t<ul class=\"team-social\">\r\n\t\t\t\t\t\t\t\t\t\t\t\t\t\t\t\t\t\t\t\t\t\t\t\t\t\t\t\t\t\t\t\t\t\t\t<\/ul>\r\n\t\t\t                <\/div>\r\n\t\t\t            <\/div>\r\n\t\t\t        <\/div>\r\n\t\t\t\t\t\t\t\t\t\t<div class=\"avatar\">\r\n\t\t\t\t\t\t<img width=\"400\" height=\"400\" src=\"https:\/\/www.leenos.pt\/wp-content\/uploads\/2015\/03\/Ricardo-400x400.jpg\" class=\"attachment-sydney-medium-thumb size-sydney-medium-thumb wp-post-image\" alt=\"Ricardo\" loading=\"lazy\" srcset=\"https:\/\/www.leenos.pt\/wp-content\/uploads\/2015\/03\/Ricardo.jpg 400w, https:\/\/www.leenos.pt\/wp-content\/uploads\/2015\/03\/Ricardo-150x150.jpg 150w, https:\/\/www.leenos.pt\/wp-content\/uploads\/2015\/03\/Ricardo-300x300.jpg 300w, https:\/\/www.leenos.pt\/wp-content\/uploads\/2015\/03\/Ricardo-180x180.jpg 180w, https:\/\/www.leenos.pt\/wp-content\/uploads\/2015\/03\/Ricardo-230x230.jpg 230w, https:\/\/www.leenos.pt\/wp-content\/uploads\/2015\/03\/Ricardo-350x350.jpg 350w\" sizes=\"(max-width: 400px) 100vw, 400px\" \/>\t\t\t\t\t<\/div>\r\n\t\t\t\t\t\t\t\t    <\/div>\r\n\t\t\t    <div class=\"team-content\">\r\n\t\t\t        <div class=\"name\">\r\n\t\t\t        \t\t\t\t        \t\tRicardo\t\t\t        \t\t\t\t        <\/div>\r\n\t\t\t        <div class=\"pos\"><\/div>\r\n\t\t\t    <\/div>\r\n\t\t\t<\/div><!-- \/.team-item -->\r\n\r\n\t\t\t\t\t\t\t\t\t\t<div class=\"team-item\">\r\n\t\t\t    <div class=\"team-inner\">\r\n\t\t\t        <div class=\"pop-overlay\">\r\n\t\t\t            <div class=\"team-pop\">\r\n\t\t\t                <div class=\"team-info\">\r\n\t\t\t\t\t\t\t\t<div class=\"name\">Kosty<\/div>\r\n\t\t\t\t\t\t\t\t<div class=\"pos\"><\/div>\r\n\t\t\t\t\t\t\t\t<ul class=\"team-social\">\r\n\t\t\t\t\t\t\t\t\t\t\t\t\t\t\t\t\t\t\t\t\t\t\t\t\t\t\t\t\t\t\t\t\t\t\t<\/ul>\r\n\t\t\t                <\/div>\r\n\t\t\t            <\/div>\r\n\t\t\t        <\/div>\r\n\t\t\t\t\t\t\t\t\t\t<div class=\"avatar\">\r\n\t\t\t\t\t\t<img width=\"400\" height=\"400\" src=\"https:\/\/www.leenos.pt\/wp-content\/uploads\/2017\/12\/Kosty-400x400.jpg\" class=\"attachment-sydney-medium-thumb size-sydney-medium-thumb wp-post-image\" alt=\"Kosty\" loading=\"lazy\" srcset=\"https:\/\/www.leenos.pt\/wp-content\/uploads\/2017\/12\/Kosty.jpg 400w, https:\/\/www.leenos.pt\/wp-content\/uploads\/2017\/12\/Kosty-150x150.jpg 150w, https:\/\/www.leenos.pt\/wp-content\/uploads\/2017\/12\/Kosty-300x300.jpg 300w, https:\/\/www.leenos.pt\/wp-content\/uploads\/2017\/12\/Kosty-180x180.jpg 180w, https:\/\/www.leenos.pt\/wp-content\/uploads\/2017\/12\/Kosty-230x230.jpg 230w, https:\/\/www.leenos.pt\/wp-content\/uploads\/2017\/12\/Kosty-350x350.jpg 350w\" sizes=\"(max-width: 400px) 100vw, 400px\" \/>\t\t\t\t\t<\/div>\r\n\t\t\t\t\t\t\t\t    <\/div>\r\n\t\t\t    <div class=\"team-content\">\r\n\t\t\t        <div class=\"name\">\r\n\t\t\t        \t\t\t\t        \t\tKosty\t\t\t        \t\t\t\t        <\/div>\r\n\t\t\t        <div class=\"pos\"><\/div>\r\n\t\t\t    <\/div>\r\n\t\t\t<\/div><!-- \/.team-item -->\r\n\r\n\t\t\t\t\t<\/div>\r\n\r\n\t\t\t\r\n\t\r\n\t<\/div><\/div><\/div><\/div><\/div><\/div>","protected":false},"excerpt":{"rendered":"<p>Lino Propriet\u00e1rio Lino Propriet\u00e1rio Lee Propriet\u00e1rio Lee Propriet\u00e1rio Lu\u00eds Propriet\u00e1rio \/ Chef Lu\u00eds Propriet\u00e1rio \/ Chef Jose Jose Decio Decio Ricardo Ricardo [&hellip;]<\/p>\n","protected":false},"author":3,"featured_media":0,"parent":0,"menu_order":0,"comment_status":"closed","ping_status":"closed","template":"","meta":[],"_links":{"self":[{"href":"https:\/\/www.leenos.pt\/pt-pt\/wp-json\/wp\/v2\/pages\/1454"}],"collection":[{"href":"https:\/\/www.leenos.pt\/pt-pt\/wp-json\/wp\/v2\/pages"}],"about":[{"href":"https:\/\/www.leenos.pt\/pt-pt\/wp-json\/wp\/v2\/types\/page"}],"author":[{"embeddable":true,"href":"https:\/\/www.leenos.pt\/pt-pt\/wp-json\/wp\/v2\/users\/3"}],"replies":[{"embeddable":true,"href":"https:\/\/www.leenos.pt\/pt-pt\/wp-json\/wp\/v2\/comments?post=1454"}],"version-history":[{"count":0,"href":"https:\/\/www.leenos.pt\/pt-pt\/wp-json\/wp\/v2\/pages\/1454\/revisions"}],"wp:attachment":[{"href":"https:\/\/www.leenos.pt\/pt-pt\/wp-json\/wp\/v2\/media?parent=1454"}],"curies":[{"name":"wp","href":"https:\/\/api.w.org\/{rel}","templated":true}]}}