{"id":1348,"date":"2017-11-29T13:32:35","date_gmt":"2017-11-29T13:32:35","guid":{"rendered":"https:\/\/www.levadeira.com\/?page_id=1348"},"modified":"2017-11-29T13:32:35","modified_gmt":"2017-11-29T13:32:35","slug":"sobre-nos","status":"publish","type":"page","link":"https:\/\/www.leenos.pt\/pt-pt\/sobre-nos\/","title":{"rendered":"Sobre n\u00f3s"},"content":{"rendered":"<p><img loading=\"lazy\" class=\"alignright wp-image-889 size-medium\" src=\"https:\/\/www.leenos.pt\/wp-content\/uploads\/2017\/11\/Leenos-Logo-Quality-663300-v1@05x-300x300.png\" alt=\"\" width=\"300\" height=\"300\" srcset=\"https:\/\/www.leenos.pt\/wp-content\/uploads\/2017\/11\/Leenos-Logo-Quality-663300-v1@05x-300x300.png 300w, https:\/\/www.leenos.pt\/wp-content\/uploads\/2017\/11\/Leenos-Logo-Quality-663300-v1@05x-150x150.png 150w, https:\/\/www.leenos.pt\/wp-content\/uploads\/2017\/11\/Leenos-Logo-Quality-663300-v1@05x-180x180.png 180w, https:\/\/www.leenos.pt\/wp-content\/uploads\/2017\/11\/Leenos-Logo-Quality-663300-v1@05x-600x600.png 600w, https:\/\/www.leenos.pt\/wp-content\/uploads\/2017\/11\/Leenos-Logo-Quality-663300-v1@05x-230x230.png 230w, https:\/\/www.leenos.pt\/wp-content\/uploads\/2017\/11\/Leenos-Logo-Quality-663300-v1@05x-350x350.png 350w, https:\/\/www.leenos.pt\/wp-content\/uploads\/2017\/11\/Leenos-Logo-Quality-663300-v1@05x-480x480.png 480w, https:\/\/www.leenos.pt\/wp-content\/uploads\/2017\/11\/Leenos-Logo-Quality-663300-v1@05x.png 629w\" sizes=\"(max-width: 300px) 100vw, 300px\" \/><strong>Estamos orgulhosos dos nossos elevados padr\u00f5es de servi\u00e7o e qualidade dos alimentos.<\/strong><\/p>\n<p>Com foco no uso de ingredientes de alta qualidade e t\u00e9cnica culin\u00e1ria e sempre fazer um esfor\u00e7o para oferecer comida de primeira classe para todos a pre\u00e7os razo\u00e1veis. A utiliza\u00e7\u00e3o de uma variedade de ingredientes frescos \u00e9 a base do nosso menu.<\/p>\n<p>Queremos saber a origem de todos os nossos ingredientes assim temos a certeza de que o melhor sabor \u00e9 garantido tendo em considera\u00e7\u00e3o as condi\u00e7\u00f5es ambientais para o nosso neg\u00f3cio.<\/p>\n<blockquote><p>Nosso objetivo \u00e9 oferecer-lhes \u201ccomida com integridade\u201d<\/p><\/blockquote>\n","protected":false},"excerpt":{"rendered":"<p>Estamos orgulhosos dos nossos elevados padr\u00f5es de servi\u00e7o e qualidade dos alimentos. Com foco no uso de ingredientes de alta qualidade e [&hellip;]<\/p>\n","protected":false},"author":3,"featured_media":0,"parent":0,"menu_order":0,"comment_status":"closed","ping_status":"closed","template":"","meta":[],"_links":{"self":[{"href":"https:\/\/www.leenos.pt\/pt-pt\/wp-json\/wp\/v2\/pages\/1348"}],"collection":[{"href":"https:\/\/www.leenos.pt\/pt-pt\/wp-json\/wp\/v2\/pages"}],"about":[{"href":"https:\/\/www.leenos.pt\/pt-pt\/wp-json\/wp\/v2\/types\/page"}],"author":[{"embeddable":true,"href":"https:\/\/www.leenos.pt\/pt-pt\/wp-json\/wp\/v2\/users\/3"}],"replies":[{"embeddable":true,"href":"https:\/\/www.leenos.pt\/pt-pt\/wp-json\/wp\/v2\/comments?post=1348"}],"version-history":[{"count":0,"href":"https:\/\/www.leenos.pt\/pt-pt\/wp-json\/wp\/v2\/pages\/1348\/revisions"}],"wp:attachment":[{"href":"https:\/\/www.leenos.pt\/pt-pt\/wp-json\/wp\/v2\/media?parent=1348"}],"curies":[{"name":"wp","href":"https:\/\/api.w.org\/{rel}","templated":true}]}}