{"id":1431,"date":"2017-11-29T20:07:36","date_gmt":"2017-11-29T20:07:36","guid":{"rendered":"https:\/\/www.levadeira.com\/?page_id=1431"},"modified":"2017-11-29T20:07:36","modified_gmt":"2017-11-29T20:07:36","slug":"specialite-de-la-maison-sur-pierre","status":"publish","type":"page","link":"https:\/\/www.leenos.pt\/fr\/specialite-de-la-maison-sur-pierre\/","title":{"rendered":"Sp\u00e9cialit\u00e9 de la maison &#8211; Sur Pierre"},"content":{"rendered":"<p><img loading=\"lazy\" class=\"alignright size-medium wp-image-926\" src=\"https:\/\/www.leenos.pt\/wp-content\/uploads\/2015\/03\/Steak-on-the-Stone-3-300x188.jpg\" alt=\"Steak on the Stone - Leeno's\" width=\"300\" height=\"188\" \/>Cuisiner sur une pierre chaude est une des m\u00e9thodes culinaires les plus anciens. En cuisinant sur une pierre pr\u00e9chauff\u00e9e (marbre, dans ce cas) vous permet de d\u00e9cider la perfection de votre repas. Le th\u00e9\u00e2tre naturel de la m\u00e9thode, ensemble avec la puret\u00e9 du go\u00fbt et les b\u00e9n\u00e9fices naturels de l&rsquo;usage minimale d&rsquo;huile et mati\u00e8res grasses, assure que votre d\u00eener vous rendra une exp\u00e9rience inoubliable.<\/p>\n<p>Nous vous offrons le bifteck (filet ou faux-filet) avec patate, salade mixte et 3 sauces.<\/p>\n<p>Nous s\u00e9lectionnons soigneusement tous les ingr\u00e9dients, produits localement, de fa\u00e7on \u00e2 nous rassurer qu&rsquo;ils sont si pr\u00e8s de l&rsquo;origine que possible.<\/p>\n","protected":false},"excerpt":{"rendered":"<p>Cuisiner sur une pierre chaude est une des m\u00e9thodes culinaires les plus anciens. En cuisinant sur une pierre pr\u00e9chauff\u00e9e (marbre, dans ce [&hellip;]<\/p>\n","protected":false},"author":3,"featured_media":0,"parent":0,"menu_order":0,"comment_status":"closed","ping_status":"closed","template":"","meta":[],"_links":{"self":[{"href":"https:\/\/www.leenos.pt\/fr\/wp-json\/wp\/v2\/pages\/1431"}],"collection":[{"href":"https:\/\/www.leenos.pt\/fr\/wp-json\/wp\/v2\/pages"}],"about":[{"href":"https:\/\/www.leenos.pt\/fr\/wp-json\/wp\/v2\/types\/page"}],"author":[{"embeddable":true,"href":"https:\/\/www.leenos.pt\/fr\/wp-json\/wp\/v2\/users\/3"}],"replies":[{"embeddable":true,"href":"https:\/\/www.leenos.pt\/fr\/wp-json\/wp\/v2\/comments?post=1431"}],"version-history":[{"count":0,"href":"https:\/\/www.leenos.pt\/fr\/wp-json\/wp\/v2\/pages\/1431\/revisions"}],"wp:attachment":[{"href":"https:\/\/www.leenos.pt\/fr\/wp-json\/wp\/v2\/media?parent=1431"}],"curies":[{"name":"wp","href":"https:\/\/api.w.org\/{rel}","templated":true}]}}