{"id":1265,"date":"2017-11-29T09:46:01","date_gmt":"2017-11-29T09:46:01","guid":{"rendered":"https:\/\/www.levadeira.com\/?page_id=1265"},"modified":"2025-04-28T10:56:09","modified_gmt":"2025-04-28T10:56:09","slug":"home-fr","status":"publish","type":"page","link":"https:\/\/www.leenos.pt\/fr\/","title":{"rendered":"Home FR"},"content":{"rendered":"<div id=\"pl-1265\"  class=\"panel-layout\" ><div id=\"pg-1265-0\"  class=\"panel-grid panel-has-style\" ><div class=\"siteorigin-panels-stretch panel-row-style panel-row-style-for-1265-0\" style=\"border-bottom: 1px solid #e0e0e0;padding: 40px 0; \" data-stretch-type=\"full\" data-overlay=\"true\" data-overlay-color=\"#000000\" ><div id=\"pgc-1265-0-0\"  class=\"panel-grid-cell\" ><div id=\"panel-1265-0-0-0\" class=\"so-panel widget widget_sow-editor panel-first-child\" data-index=\"0\" ><div style=\"text-align: left;\" data-title-color=\"#443f3f\" data-headings-color=\"#443f3f\" class=\"panel-widget-style panel-widget-style-for-1265-0-0-0\" ><div\n\t\t\t\n\t\t\tclass=\"so-widget-sow-editor so-widget-sow-editor-base\"\n\t\t\t\n\t\t>\n<div class=\"siteorigin-widget-tinymce textwidget\">\n\t<h2 style=\"text-align: center;\">R\u00e9servez votre table<\/h2>\n<p style=\"text-align: center; font-size: 1.5em;\">S'il vous pla\u00eet faire vos r\u00e9servations \u00e0 manger <strong>24 heures \u00e0 l'avance<\/strong>.<\/p>\n<div style=\"text-align: center; font-size: 1em;\">(Ouvert tous les jours. Le samedi uniquement pour le d\u00eener de 18h00 \u00e0 23h00)<\/div>\n<\/div>\n<\/div><\/div><\/div><div id=\"panel-1265-0-0-1\" class=\"widget_text so-panel widget widget_custom_html panel-last-child\" data-index=\"1\" ><div style=\"text-align: left;\" data-title-color=\"#443f3f\" data-headings-color=\"#443f3f\" class=\"widget_text panel-widget-style panel-widget-style-for-1265-0-0-1\" ><div class=\"textwidget custom-html-widget\"><script type=\"text\/javascript\" src=\"https:\/\/www.covermanager.com\/js\/iframeResizer.min.js\"><\/script><iframe id=\"restaurante-leenos-bar-restaurant\" title=\"Reservas\" src=\"https:\/\/www.covermanager.com\/reservation\/module_restaurant\/restaurante-leenos-bar-restaurant\/french\" allow=\"payment\" frameborder=\"0\" height=\"550\" width=\"100%\" onload=\"iFrameResize();\"><\/iframe><\/div><\/div><\/div><\/div><\/div><\/div><div id=\"pg-1265-1\"  class=\"panel-grid panel-has-style\" ><div class=\"siteorigin-panels-stretch panel-row-style panel-row-style-for-1265-1\" style=\"border-bottom: 1px solid #e0e0e0;padding: 40px 0; \" data-stretch-type=\"full\" data-overlay=\"true\" data-overlay-color=\"#000000\" ><div id=\"pgc-1265-1-0\"  class=\"panel-grid-cell\" ><div id=\"panel-1265-1-0-0\" class=\"so-panel widget widget_sow-editor panel-first-child panel-last-child\" data-index=\"2\" ><div style=\"text-align: left;\" data-title-color=\"#443f3f\" data-headings-color=\"#443f3f\" class=\"panel-widget-style panel-widget-style-for-1265-1-0-0\" ><div\n\t\t\t\n\t\t\tclass=\"so-widget-sow-editor so-widget-sow-editor-base\"\n\t\t\t\n\t\t><h3 class=\"widget-title\">D\u00e9lice a un nouveau visage<\/h3>\n<div class=\"siteorigin-widget-tinymce textwidget\">\n\t<p><strong>Nous sommes fiers de notre niveau de qualit\u00e9 culinaire et service.<\/strong><\/p>\n<p>Nous nous concentrons dans l\u2019usage d\u2019ingr\u00e9dients de haute qualit\u00e9 et techniques pour offrir grands plats devenues accessibles \u00e0 tous \u00e0 des prix raisonnables. L\u2019usage des ingr\u00e9dients frais \u00e9tant la racine de nos menus, nous croyons aussi que \u00ab frais m\u2019est pas toujours suffisant \u00bb.<\/p>\n<p>Nous voulons conna\u00eetre les origines de tous nos composants, de fa\u00e7on \u00e0 \u00eatre s\u00fbrs qu\u2019ils sont aussi savoureux que possible, ce qui en m\u00eame temps nous permet d\u2019\u00eatre au courant de l\u2019impacte de notre travail sur l\u2019environnement et la soci\u00e9t\u00e9.<\/p>\n<h2>Notre objectif est vous offrir \u00ab nourriture avec int\u00e9grit\u00e9 \u00bb.<\/h2>\n<\/div>\n<\/div><\/div><\/div><\/div><div id=\"pgc-1265-1-1\"  class=\"panel-grid-cell\" ><div id=\"panel-1265-1-1-0\" class=\"so-panel widget widget_media_image panel-first-child panel-last-child\" data-index=\"3\" ><div style=\"text-align: left;\" data-title-color=\"#443f3f\" data-headings-color=\"#443f3f\" class=\"panel-widget-style panel-widget-style-for-1265-1-1-0\" ><img width=\"629\" height=\"629\" src=\"https:\/\/www.leenos.pt\/wp-content\/uploads\/2017\/11\/Leenos-Logo-Quality-663300-v1@05x.png\" class=\"image wp-image-889  attachment-full size-full\" alt=\"\" loading=\"lazy\" style=\"max-width: 100%; height: auto;\" srcset=\"https:\/\/www.leenos.pt\/wp-content\/uploads\/2017\/11\/Leenos-Logo-Quality-663300-v1@05x.png 629w, https:\/\/www.leenos.pt\/wp-content\/uploads\/2017\/11\/Leenos-Logo-Quality-663300-v1@05x-150x150.png 150w, https:\/\/www.leenos.pt\/wp-content\/uploads\/2017\/11\/Leenos-Logo-Quality-663300-v1@05x-300x300.png 300w, https:\/\/www.leenos.pt\/wp-content\/uploads\/2017\/11\/Leenos-Logo-Quality-663300-v1@05x-180x180.png 180w, https:\/\/www.leenos.pt\/wp-content\/uploads\/2017\/11\/Leenos-Logo-Quality-663300-v1@05x-600x600.png 600w, https:\/\/www.leenos.pt\/wp-content\/uploads\/2017\/11\/Leenos-Logo-Quality-663300-v1@05x-230x230.png 230w, https:\/\/www.leenos.pt\/wp-content\/uploads\/2017\/11\/Leenos-Logo-Quality-663300-v1@05x-350x350.png 350w, https:\/\/www.leenos.pt\/wp-content\/uploads\/2017\/11\/Leenos-Logo-Quality-663300-v1@05x-480x480.png 480w\" sizes=\"(max-width: 629px) 100vw, 629px\" \/><\/div><\/div><\/div><\/div><\/div><div id=\"pg-1265-2\"  class=\"panel-grid panel-has-style\" ><div class=\"siteorigin-panels-stretch panel-row-style panel-row-style-for-1265-2\" style=\"color: #eeee22;background-image: url(https:\/\/www.leenos.pt\/wp-content\/uploads\/2018\/01\/Steak-on-the-Stone-2.jpg);padding: 50px 0; \" data-stretch-type=\"full\" data-hascolor=\"hascolor\" data-hasbg=\"hasbg\" data-overlay-color=\"#000000\" ><div id=\"pgc-1265-2-0\"  class=\"panel-grid-cell\" ><div id=\"panel-1265-2-0-0\" class=\"so-panel widget widget_siteorigin-panels-builder panel-first-child panel-last-child\" data-index=\"4\" ><div style=\"text-align: left;\" data-title-color=\"#443f3f\" data-headings-color=\"#443f3f\" class=\"panel-widget-style panel-widget-style-for-1265-2-0-0\" ><div id=\"pl-w5a1eb89a463a0\"  class=\"panel-layout\" ><div id=\"pg-w5a1eb89a463a0-0\"  class=\"panel-grid panel-has-style\" ><div style=\"color: #d65050;padding: 0px 0; \" data-hascolor=\"hascolor\" data-overlay=\"true\" class=\"panel-row-style panel-row-style-for-w5a1eb89a463a0-0\" ><div id=\"pgc-w5a1eb89a463a0-0-0\"  class=\"panel-grid-cell\" ><div id=\"panel-w5a1eb89a463a0-0-0-0\" class=\"so-panel widget widget_sow-editor panel-first-child panel-last-child\" data-index=\"0\" ><div style=\"text-align: left;\" data-title-color=\"#ffffff\" data-headings-color=\"#ffffff\" class=\"panel-widget-style panel-widget-style-for-w5a1eb89a463a0-0-0-0\" ><div\n\t\t\t\n\t\t\tclass=\"so-widget-sow-editor so-widget-sow-editor-base\"\n\t\t\t\n\t\t><h3 class=\"widget-title\">Sp\u00e9cialit\u00e9 de la maison<\/h3>\n<div class=\"siteorigin-widget-tinymce textwidget\">\n\t<h2>Sur Pierre<\/h2>\n<p>Cuisiner sur une pierre chaude est une des m\u00e9thodes culinaires les plus anciens. En cuisinant sur une pierre pr\u00e9chauff\u00e9e (marbre, dans ce cas) vous permet de d\u00e9cider la perfection de votre repas. Le th\u00e9\u00e2tre naturel de la m\u00e9thode, ensemble avec la puret\u00e9 du go\u00fbt et les b\u00e9n\u00e9fices naturels de l'usage minimale d'huile et mati\u00e8res grasses, assure que votre d\u00eener vous rendra une exp\u00e9rience inoubliable.<\/p>\n<p>Nous vous offrons le bifteck (filet ou faux-filet) avec patate, salade mixte et 3 sauces.<\/p>\n<p>Nous s\u00e9lectionnons soigneusement tous les ingr\u00e9dients, produits localement, de fa\u00e7on \u00e2 nous rassurer qu'ils sont si pr\u00e8s de l'origine que possible.<\/p>\n<\/div>\n<\/div><\/div><\/div><\/div><\/div><\/div><div id=\"pg-w5a1eb89a463a0-1\"  class=\"panel-grid panel-has-style\" ><div style=\"padding: 0px 0; \" data-overlay=\"true\" class=\"panel-row-style panel-row-style-for-w5a1eb89a463a0-1\" ><div id=\"pgc-w5a1eb89a463a0-1-0\"  class=\"panel-grid-cell panel-grid-cell-empty panel-grid-cell-mobile-last\" ><\/div><div id=\"pgc-w5a1eb89a463a0-1-1\"  class=\"panel-grid-cell panel-grid-cell-empty\" ><\/div><\/div><\/div><\/div><\/div><\/div><\/div><\/div><\/div><div id=\"pg-1265-3\"  class=\"panel-grid panel-has-style\" ><div class=\"siteorigin-panels-stretch panel-row-style panel-row-style-for-1265-3\" style=\"border-bottom: 1px solid #e0e0e0;padding: 40px 0; \" data-stretch-type=\"full\" data-overlay=\"true\" data-overlay-color=\"#000000\" ><div id=\"pgc-1265-3-0\"  class=\"panel-grid-cell\" ><div id=\"panel-1265-3-0-0\" class=\"so-panel widget widget_sow-editor panel-first-child panel-last-child\" data-index=\"5\" ><div style=\"text-align: center;\" data-title-color=\"#443f3f\" data-headings-color=\"#443f3f\" class=\"panel-widget-style panel-widget-style-for-1265-3-0-0\" ><div\n\t\t\t\n\t\t\tclass=\"so-widget-sow-editor so-widget-sow-editor-base\"\n\t\t\t\n\t\t><h3 class=\"widget-title\">Comment aller l\u00e0<\/h3>\n<div class=\"siteorigin-widget-tinymce textwidget\">\n\t<p><strong>Leeno\u2019s Bar &amp; Restaurant<\/strong><br \/>\n<a href=\"https:\/\/maps.app.goo.gl\/kVEU6sm79apHQHBE9\" target=\"_blank\" rel=\"noopener\">Rua de Leichlingen 30, 9000-003 Funchal, Madeira \u2013 Portugal<\/a><\/p>\n<p>Tel. <strong><a href=\"tel:+351291627184\">+351 291 627 184<\/a><\/strong><\/p>\n<\/div>\n<\/div><\/div><\/div><\/div><\/div><\/div><div id=\"pg-1265-4\"  class=\"panel-grid panel-has-style\" ><div style=\"border-bottom: 1px solid #e0e0e0;padding: 40px 0; \" data-overlay=\"true\" data-overlay-color=\"#000000\" class=\"panel-row-style panel-row-style-for-1265-4\" ><div id=\"pgc-1265-4-0\"  class=\"panel-grid-cell\" ><div id=\"panel-1265-4-0-0\" class=\"so-panel widget widget_sow-editor panel-first-child panel-last-child\" data-index=\"6\" ><div style=\"text-align: left;\" data-title-color=\"#443f3f\" data-headings-color=\"#443f3f\" class=\"panel-widget-style panel-widget-style-for-1265-4-0-0\" ><div\n\t\t\t\n\t\t\tclass=\"so-widget-sow-editor so-widget-sow-editor-base\"\n\t\t\t\n\t\t>\n<div class=\"siteorigin-widget-tinymce textwidget\">\n\t<\/div>\n<\/div><\/div><\/div><\/div><\/div><\/div><div id=\"pg-1265-5\"  class=\"panel-grid panel-has-style\" ><div class=\"siteorigin-panels-stretch panel-row-style panel-row-style-for-1265-5\" style=\"border-bottom: 1px solid #e0e0e0;padding: 50px 0; \" data-stretch-type=\"full\" data-overlay=\"true\" data-overlay-color=\"#000000\" ><div id=\"pgc-1265-5-0\"  class=\"panel-grid-cell\" ><div id=\"panel-1265-5-0-0\" class=\"so-panel widget widget_sydney_clients sydney_clients_widget panel-first-child panel-last-child\" data-index=\"7\" ><div style=\"text-align: left;\" data-title-color=\"#443f3f\" data-headings-color=\"#443f3f\" class=\"panel-widget-style panel-widget-style-for-1265-5-0-0\" >\r\n\r\n\t\t\t<h3 class=\"widget-title\">Nos partenaires<\/h3>\t\t\t\t<div class=\"roll-client\">\r\n\t\t\t\t\t\t\t\t\t\t\t\t\t\t\t\t\t\t\t\t<div class=\"client-item\">\r\n\t\t\t\t\t\t\t\t\t\t\t\t\t\t\t<a target=\"_self\" href=\"https:\/\/twitter.com\/madeira\"><img width=\"516\" height=\"516\" src=\"https:\/\/www.leenos.pt\/wp-content\/uploads\/2022\/02\/Madeira-logo-v3-3@0.25x-e1644586264583.png\" class=\"attachment-post-thumbnail size-post-thumbnail wp-post-image\" alt=\"\" loading=\"lazy\" \/><\/a>\r\n\t\t\t\t\t\t\t\t\t\t\t\t\t<\/div>\r\n\t\t\t\t\t\t\t\t\t\t\t\t\t\t\t\t\t\t\t\t\t\t\t\t\t<div class=\"client-item\">\r\n\t\t\t\t\t\t\t\t\t\t\t\t\t\t\t<a target=\"_self\" href=\"https:\/\/en.armazemdosal.com\/\"><img width=\"150\" height=\"150\" src=\"https:\/\/www.leenos.pt\/wp-content\/uploads\/2015\/03\/Armazem-do-Sal-1.png\" class=\"attachment-post-thumbnail size-post-thumbnail wp-post-image\" alt=\"Armazem do Sal\" loading=\"lazy\" \/><\/a>\r\n\t\t\t\t\t\t\t\t\t\t\t\t\t<\/div>\r\n\t\t\t\t\t\t\t\t\t\t\t\t\t\t\t\t\t\t\t\t\t\t\t\t\t<div class=\"client-item\">\r\n\t\t\t\t\t\t\t\t\t\t\t\t\t\t\t<a target=\"_self\" href=\"https:\/\/en.forte.restaurant\/\"><img width=\"150\" height=\"150\" src=\"https:\/\/www.leenos.pt\/wp-content\/uploads\/2017\/11\/Restaurante-do-Forte.png\" class=\"attachment-post-thumbnail size-post-thumbnail wp-post-image\" alt=\"Restaurante do Forte\" loading=\"lazy\" \/><\/a>\r\n\t\t\t\t\t\t\t\t\t\t\t\t\t<\/div>\r\n\t\t\t\t\t\t\t\t\t\t\t\t\t<\/div>\t\t\r\n\r\n\t\t\t\t\r\n\r\n\r\n\t<\/div><\/div><\/div><\/div><\/div><\/div>","protected":false},"excerpt":{"rendered":"<p>R\u00e9servez votre table S&rsquo;il vous pla\u00eet faire vos r\u00e9servations \u00e0 manger 24 heures \u00e0 l&rsquo;avance. (Ouvert tous les jours. Le samedi uniquement [&hellip;]<\/p>\n","protected":false},"author":3,"featured_media":1616,"parent":0,"menu_order":0,"comment_status":"closed","ping_status":"closed","template":"page-templates\/page_front-page.php","meta":[],"_links":{"self":[{"href":"https:\/\/www.leenos.pt\/fr\/wp-json\/wp\/v2\/pages\/1265"}],"collection":[{"href":"https:\/\/www.leenos.pt\/fr\/wp-json\/wp\/v2\/pages"}],"about":[{"href":"https:\/\/www.leenos.pt\/fr\/wp-json\/wp\/v2\/types\/page"}],"author":[{"embeddable":true,"href":"https:\/\/www.leenos.pt\/fr\/wp-json\/wp\/v2\/users\/3"}],"replies":[{"embeddable":true,"href":"https:\/\/www.leenos.pt\/fr\/wp-json\/wp\/v2\/comments?post=1265"}],"version-history":[{"count":6,"href":"https:\/\/www.leenos.pt\/fr\/wp-json\/wp\/v2\/pages\/1265\/revisions"}],"predecessor-version":[{"id":2932,"href":"https:\/\/www.leenos.pt\/fr\/wp-json\/wp\/v2\/pages\/1265\/revisions\/2932"}],"wp:featuredmedia":[{"embeddable":true,"href":"https:\/\/www.leenos.pt\/fr\/wp-json\/wp\/v2\/media\/1616"}],"wp:attachment":[{"href":"https:\/\/www.leenos.pt\/fr\/wp-json\/wp\/v2\/media?parent=1265"}],"curies":[{"name":"wp","href":"https:\/\/api.w.org\/{rel}","templated":true}]}}